{"id":682,"date":"2025-10-04T12:04:44","date_gmt":"2025-10-04T15:04:44","guid":{"rendered":"https:\/\/www.camocimorganic.com\/wordpress\/?page_id=682"},"modified":"2025-10-29T15:44:01","modified_gmt":"2025-10-29T18:44:01","slug":"eventos","status":"publish","type":"page","link":"https:\/\/www.camocimorganic.com\/en\/eventos\/","title":{"rendered":"Events"},"content":{"rendered":"<div data-elementor-type=\"wp-page\" data-elementor-id=\"682\" class=\"elementor elementor-682\" data-elementor-post-type=\"page\">\n\t\t\t\t<div class=\"elementor-element elementor-element-cb168b9 e-flex e-con-boxed e-con e-parent\" data-id=\"cb168b9\" data-element_type=\"container\" data-e-type=\"container\" data-settings=\"{&quot;background_background&quot;:&quot;classic&quot;}\">\n\t\t\t\t\t<div class=\"e-con-inner\">\n\t\t<div class=\"elementor-element elementor-element-4f30867 e-con-full e-flex e-con e-child\" data-id=\"4f30867\" data-element_type=\"container\" data-e-type=\"container\">\n\t\t\t\t<div class=\"elementor-element elementor-element-2d0c6b4 elementor-widget-mobile__width-inherit elementor-widget elementor-widget-heading\" data-id=\"2d0c6b4\" data-element_type=\"widget\" data-e-type=\"widget\" data-widget_type=\"heading.default\">\n\t\t\t\t\t<h2 class=\"elementor-heading-title elementor-size-default\">Events<\/h2>\t\t\t\t<\/div>\n\t\t\t\t<div class=\"elementor-element elementor-element-f1f457c elementor-widget-divider--view-line elementor-widget elementor-widget-divider\" data-id=\"f1f457c\" data-element_type=\"widget\" data-e-type=\"widget\" data-widget_type=\"divider.default\">\n\t\t\t\t\t\t\t<div class=\"elementor-divider\">\n\t\t\t<span class=\"elementor-divider-separator\">\n\t\t\t\t\t\t<\/span>\n\t\t<\/div>\n\t\t\t\t\t\t<\/div>\n\t\t\t\t<\/div>\n\t\t\t\t\t<\/div>\n\t\t\t\t<\/div>\n\t\t<div class=\"elementor-element elementor-element-bdf3546 e-con-full e-flex e-con e-parent\" data-id=\"bdf3546\" data-element_type=\"container\" data-e-type=\"container\">\n\t\t\t\t<div class=\"elementor-element elementor-element-bc4d44f elementor-widget__width-inherit elementor-widget elementor-widget-image\" data-id=\"bc4d44f\" data-element_type=\"widget\" data-e-type=\"widget\" data-widget_type=\"image.default\">\n\t\t\t\t\t\t\t\t\t\t\t\t\t\t\t<img fetchpriority=\"high\" decoding=\"async\" width=\"768\" height=\"512\" src=\"https:\/\/www.camocimorganic.com\/wordpress\/wp-content\/uploads\/2025\/10\/casa-sloper2-768x512.jpg\" class=\"attachment-medium_large size-medium_large wp-image-1191\" alt=\"Casa Sloper Fazenda Camocim\" srcset=\"https:\/\/www.camocimorganic.com\/wordpress\/wp-content\/uploads\/2025\/10\/casa-sloper2-768x512.jpg 768w, https:\/\/www.camocimorganic.com\/wordpress\/wp-content\/uploads\/2025\/10\/casa-sloper2-300x200.jpg 300w, https:\/\/www.camocimorganic.com\/wordpress\/wp-content\/uploads\/2025\/10\/casa-sloper2-1024x683.jpg 1024w, https:\/\/www.camocimorganic.com\/wordpress\/wp-content\/uploads\/2025\/10\/casa-sloper2-1536x1024.jpg 1536w, https:\/\/www.camocimorganic.com\/wordpress\/wp-content\/uploads\/2025\/10\/casa-sloper2-18x12.jpg 18w, https:\/\/www.camocimorganic.com\/wordpress\/wp-content\/uploads\/2025\/10\/casa-sloper2.jpg 1920w\" sizes=\"(max-width: 768px) 100vw, 768px\" \/>\t\t\t\t\t\t\t\t\t\t\t\t\t\t\t<\/div>\n\t\t\t\t<\/div>\n\t\t<div class=\"elementor-element elementor-element-3176189 e-flex e-con-boxed e-con e-parent\" data-id=\"3176189\" data-element_type=\"container\" data-e-type=\"container\">\n\t\t\t\t\t<div class=\"e-con-inner\">\n\t\t<div class=\"elementor-element elementor-element-c316d98 e-con-full e-flex e-con e-child\" data-id=\"c316d98\" data-element_type=\"container\" data-e-type=\"container\">\n\t\t<div class=\"elementor-element elementor-element-beffe71 e-con-full e-flex e-con e-child\" data-id=\"beffe71\" data-element_type=\"container\" data-e-type=\"container\">\n\t\t\t\t<div class=\"elementor-element elementor-element-d0a202b elementor-widget elementor-widget-heading\" data-id=\"d0a202b\" data-element_type=\"widget\" data-e-type=\"widget\" data-widget_type=\"heading.default\">\n\t\t\t\t\t<h2 class=\"elementor-heading-title elementor-size-default\">Event Rental<\/h2>\t\t\t\t<\/div>\n\t\t\t\t<div class=\"elementor-element elementor-element-b5001e0 elementor-widget-divider--view-line elementor-widget elementor-widget-divider\" data-id=\"b5001e0\" data-element_type=\"widget\" data-e-type=\"widget\" data-widget_type=\"divider.default\">\n\t\t\t\t\t\t\t<div class=\"elementor-divider\">\n\t\t\t<span class=\"elementor-divider-separator\">\n\t\t\t\t\t\t<\/span>\n\t\t<\/div>\n\t\t\t\t\t\t<\/div>\n\t\t\t\t<div class=\"elementor-element elementor-element-cf3e6bc elementor-widget__width-initial elementor-widget elementor-widget-text-editor\" data-id=\"cf3e6bc\" data-element_type=\"widget\" data-e-type=\"widget\" data-widget_type=\"text-editor.default\">\n\t\t\t\t\t\t\t\t\t<p>Have you ever thought about holding your event at Fazenda Camocim?<\/p><p>Get in touch and ask for a quote<\/p>\t\t\t\t\t\t\t\t<\/div>\n\t\t\t\t<div class=\"elementor-element elementor-element-bf1f550 elementor-mobile-align-center elementor-widget elementor-widget-button\" data-id=\"bf1f550\" data-element_type=\"widget\" data-e-type=\"widget\" data-widget_type=\"button.default\">\n\t\t\t\t\t\t\t\t\t\t<a class=\"elementor-button elementor-button-link elementor-size-sm\" href=\"https:\/\/api.whatsapp.com\/send?phone=5527999161875&#038;text=Ol%C3%A1!%20Gostara%20de%20saber%20informa%C3%A7%C3%B5es%20da%20cafeteria.\" target=\"_blank\">\n\t\t\t\t\t\t<span class=\"elementor-button-content-wrapper\">\n\t\t\t\t\t\t\t\t\t<span class=\"elementor-button-text\">request a quote<\/span>\n\t\t\t\t\t<\/span>\n\t\t\t\t\t<\/a>\n\t\t\t\t\t\t\t\t<\/div>\n\t\t\t\t<\/div>\n\t\t\t\t<div class=\"elementor-element elementor-element-c2d8a92 elementor-widget__width-initial elementor-widget-mobile__width-inherit elementor-widget elementor-widget-image\" data-id=\"c2d8a92\" data-element_type=\"widget\" data-e-type=\"widget\" data-widget_type=\"image.default\">\n\t\t\t\t\t\t\t\t\t\t\t\t\t\t\t<img decoding=\"async\" width=\"741\" height=\"494\" src=\"https:\/\/www.camocimorganic.com\/wordpress\/wp-content\/uploads\/2025\/10\/terraco-camocim-organic.jpg\" class=\"attachment-large size-large wp-image-1211\" alt=\"terraco-camocim-organic\" srcset=\"https:\/\/www.camocimorganic.com\/wordpress\/wp-content\/uploads\/2025\/10\/terraco-camocim-organic.jpg 741w, https:\/\/www.camocimorganic.com\/wordpress\/wp-content\/uploads\/2025\/10\/terraco-camocim-organic-300x200.jpg 300w, https:\/\/www.camocimorganic.com\/wordpress\/wp-content\/uploads\/2025\/10\/terraco-camocim-organic-18x12.jpg 18w\" sizes=\"(max-width: 741px) 100vw, 741px\" \/>\t\t\t\t\t\t\t\t\t\t\t\t\t\t\t<\/div>\n\t\t\t\t<\/div>\n\t\t<div class=\"elementor-element elementor-element-37998f0 e-con-full e-flex e-con e-child\" data-id=\"37998f0\" data-element_type=\"container\" data-e-type=\"container\">\n\t\t\t\t<div class=\"elementor-element elementor-element-7b5da4b elementor-widget elementor-widget-image\" data-id=\"7b5da4b\" data-element_type=\"widget\" data-e-type=\"widget\" data-widget_type=\"image.default\">\n\t\t\t\t\t\t\t\t\t\t\t\t\t\t\t<img decoding=\"async\" width=\"785\" height=\"442\" src=\"https:\/\/www.camocimorganic.com\/wordpress\/wp-content\/uploads\/2025\/10\/casa-sloper-4.jpg\" class=\"attachment-large size-large wp-image-1192\" alt=\"Casa Sloper Domingos Martins\" srcset=\"https:\/\/www.camocimorganic.com\/wordpress\/wp-content\/uploads\/2025\/10\/casa-sloper-4.jpg 785w, https:\/\/www.camocimorganic.com\/wordpress\/wp-content\/uploads\/2025\/10\/casa-sloper-4-300x169.jpg 300w, https:\/\/www.camocimorganic.com\/wordpress\/wp-content\/uploads\/2025\/10\/casa-sloper-4-768x432.jpg 768w, https:\/\/www.camocimorganic.com\/wordpress\/wp-content\/uploads\/2025\/10\/casa-sloper-4-18x10.jpg 18w\" sizes=\"(max-width: 785px) 100vw, 785px\" \/>\t\t\t\t\t\t\t\t\t\t\t\t\t\t\t<\/div>\n\t\t\t\t<div class=\"elementor-element elementor-element-17e67ba elementor-widget elementor-widget-image\" data-id=\"17e67ba\" data-element_type=\"widget\" data-e-type=\"widget\" data-widget_type=\"image.default\">\n\t\t\t\t\t\t\t\t\t\t\t\t\t\t\t<img loading=\"lazy\" decoding=\"async\" width=\"785\" height=\"442\" src=\"https:\/\/www.camocimorganic.com\/wordpress\/wp-content\/uploads\/2025\/10\/casa-sloper-parte-interna.jpg\" class=\"attachment-large size-large wp-image-1321\" alt=\"casa-sloper-parte-interna\" srcset=\"https:\/\/www.camocimorganic.com\/wordpress\/wp-content\/uploads\/2025\/10\/casa-sloper-parte-interna.jpg 785w, https:\/\/www.camocimorganic.com\/wordpress\/wp-content\/uploads\/2025\/10\/casa-sloper-parte-interna-300x169.jpg 300w, https:\/\/www.camocimorganic.com\/wordpress\/wp-content\/uploads\/2025\/10\/casa-sloper-parte-interna-768x432.jpg 768w, https:\/\/www.camocimorganic.com\/wordpress\/wp-content\/uploads\/2025\/10\/casa-sloper-parte-interna-18x10.jpg 18w\" sizes=\"(max-width: 785px) 100vw, 785px\" \/>\t\t\t\t\t\t\t\t\t\t\t\t\t\t\t<\/div>\n\t\t\t\t<\/div>\n\t\t\t\t\t<\/div>\n\t\t\t\t<\/div>\n\t\t<div class=\"elementor-element elementor-element-8a06d42 e-con-full e-flex e-con e-parent\" data-id=\"8a06d42\" data-element_type=\"container\" data-e-type=\"container\">\n\t\t\t\t<div class=\"elementor-element elementor-element-a7e79e8 elementor-widget__width-inherit elementor-widget elementor-widget-image\" data-id=\"a7e79e8\" data-element_type=\"widget\" data-e-type=\"widget\" data-widget_type=\"image.default\">\n\t\t\t\t\t\t\t\t\t\t\t\t\t\t\t<img loading=\"lazy\" decoding=\"async\" width=\"1536\" height=\"789\" src=\"https:\/\/www.camocimorganic.com\/wordpress\/wp-content\/uploads\/2025\/10\/casa_sloper-fazenda-camocim-1536x789.jpg\" class=\"attachment-1536x1536 size-1536x1536 wp-image-1188\" alt=\"casa_sloper-fazenda-camocim\" srcset=\"https:\/\/www.camocimorganic.com\/wordpress\/wp-content\/uploads\/2025\/10\/casa_sloper-fazenda-camocim-1536x789.jpg 1536w, https:\/\/www.camocimorganic.com\/wordpress\/wp-content\/uploads\/2025\/10\/casa_sloper-fazenda-camocim-300x154.jpg 300w, https:\/\/www.camocimorganic.com\/wordpress\/wp-content\/uploads\/2025\/10\/casa_sloper-fazenda-camocim-1024x526.jpg 1024w, https:\/\/www.camocimorganic.com\/wordpress\/wp-content\/uploads\/2025\/10\/casa_sloper-fazenda-camocim-768x394.jpg 768w, https:\/\/www.camocimorganic.com\/wordpress\/wp-content\/uploads\/2025\/10\/casa_sloper-fazenda-camocim-18x9.jpg 18w, https:\/\/www.camocimorganic.com\/wordpress\/wp-content\/uploads\/2025\/10\/casa_sloper-fazenda-camocim.jpg 1920w\" sizes=\"(max-width: 1536px) 100vw, 1536px\" \/>\t\t\t\t\t\t\t\t\t\t\t\t\t\t\t<\/div>\n\t\t\t\t<\/div>\n\t\t\t\t<\/div>","protected":false},"excerpt":{"rendered":"<p>Eventos Loca\u00e7\u00e3o para Eventos J\u00e1 pensou em fazer seu evento na Fazenda Camocim? Entre em contato e pe\u00e7a um or\u00e7amento pe\u00e7a um or\u00e7amento<\/p>","protected":false},"author":1,"featured_media":0,"parent":0,"menu_order":0,"comment_status":"closed","ping_status":"closed","template":"","meta":{"footnotes":""},"class_list":["post-682","page","type-page","status-publish","hentry"],"yoast_head":"<!-- This site is optimized with the Yoast SEO plugin v27.2 - https:\/\/yoast.com\/product\/yoast-seo-wordpress\/ -->\n<title>Eventos - Fazenda Camocim \u2013 O Lar do Caf\u00e9 Jacu<\/title>\n<meta name=\"robots\" content=\"index, follow, max-snippet:-1, max-image-preview:large, max-video-preview:-1\" \/>\n<link rel=\"canonical\" href=\"https:\/\/www.camocimorganic.com\/en\/eventos\/\" \/>\n<meta property=\"og:locale\" content=\"en_US\" \/>\n<meta property=\"og:type\" content=\"article\" \/>\n<meta property=\"og:title\" content=\"Eventos - Fazenda Camocim \u2013 O Lar do Caf\u00e9 Jacu\" \/>\n<meta property=\"og:description\" content=\"Eventos Loca\u00e7\u00e3o para Eventos J\u00e1 pensou em fazer seu evento na Fazenda Camocim? Entre em contato e pe\u00e7a um or\u00e7amento pe\u00e7a um or\u00e7amento\" \/>\n<meta property=\"og:url\" content=\"https:\/\/www.camocimorganic.com\/en\/eventos\/\" \/>\n<meta property=\"og:site_name\" content=\"Fazenda Camocim \u2013 O Lar do Caf\u00e9 Jacu\" \/>\n<meta property=\"article:publisher\" content=\"https:\/\/www.facebook.com\/camocimorganic\" \/>\n<meta property=\"article:modified_time\" content=\"2025-10-29T18:44:01+00:00\" \/>\n<meta property=\"og:image\" content=\"http:\/\/www.camocimorganic.com\/wordpress\/wp-content\/uploads\/2025\/10\/casa-sloper2-768x512.jpg\" \/>\n<meta name=\"twitter:card\" content=\"summary_large_image\" \/>\n<script type=\"application\/ld+json\" class=\"yoast-schema-graph\">{\"@context\":\"https:\/\/schema.org\",\"@graph\":[{\"@type\":\"WebPage\",\"@id\":\"https:\/\/www.camocimorganic.com\/eventos\/\",\"url\":\"https:\/\/www.camocimorganic.com\/eventos\/\",\"name\":\"Eventos - Fazenda Camocim \u2013 O Lar do Caf\u00e9 Jacu\",\"isPartOf\":{\"@id\":\"https:\/\/www.camocimorganic.com\/#website\"},\"primaryImageOfPage\":{\"@id\":\"https:\/\/www.camocimorganic.com\/eventos\/#primaryimage\"},\"image\":{\"@id\":\"https:\/\/www.camocimorganic.com\/eventos\/#primaryimage\"},\"thumbnailUrl\":\"http:\/\/www.camocimorganic.com\/wordpress\/wp-content\/uploads\/2025\/10\/casa-sloper2-768x512.jpg\",\"datePublished\":\"2025-10-04T15:04:44+00:00\",\"dateModified\":\"2025-10-29T18:44:01+00:00\",\"breadcrumb\":{\"@id\":\"https:\/\/www.camocimorganic.com\/eventos\/#breadcrumb\"},\"inLanguage\":\"en-US\",\"potentialAction\":[{\"@type\":\"ReadAction\",\"target\":[\"https:\/\/www.camocimorganic.com\/eventos\/\"]}]},{\"@type\":\"ImageObject\",\"inLanguage\":\"en-US\",\"@id\":\"https:\/\/www.camocimorganic.com\/eventos\/#primaryimage\",\"url\":\"http:\/\/www.camocimorganic.com\/wordpress\/wp-content\/uploads\/2025\/10\/casa-sloper2-768x512.jpg\",\"contentUrl\":\"http:\/\/www.camocimorganic.com\/wordpress\/wp-content\/uploads\/2025\/10\/casa-sloper2-768x512.jpg\"},{\"@type\":\"BreadcrumbList\",\"@id\":\"https:\/\/www.camocimorganic.com\/eventos\/#breadcrumb\",\"itemListElement\":[{\"@type\":\"ListItem\",\"position\":1,\"name\":\"In\u00edcio\",\"item\":\"https:\/\/www.camocimorganic.com\/\"},{\"@type\":\"ListItem\",\"position\":2,\"name\":\"Eventos\"}]},{\"@type\":\"WebSite\",\"@id\":\"https:\/\/www.camocimorganic.com\/#website\",\"url\":\"https:\/\/www.camocimorganic.com\/\",\"name\":\"Fazenda Camocim \u2013 O Lar do Caf\u00e9 Jacu\",\"description\":\"\",\"publisher\":{\"@id\":\"https:\/\/www.camocimorganic.com\/#organization\"},\"potentialAction\":[{\"@type\":\"SearchAction\",\"target\":{\"@type\":\"EntryPoint\",\"urlTemplate\":\"https:\/\/www.camocimorganic.com\/?s={search_term_string}\"},\"query-input\":{\"@type\":\"PropertyValueSpecification\",\"valueRequired\":true,\"valueName\":\"search_term_string\"}}],\"inLanguage\":\"en-US\"},{\"@type\":\"Organization\",\"@id\":\"https:\/\/www.camocimorganic.com\/#organization\",\"name\":\"Fazenda Camocim \u2013 O Lar do Caf\u00e9 Jacu\",\"url\":\"https:\/\/www.camocimorganic.com\/\",\"logo\":{\"@type\":\"ImageObject\",\"inLanguage\":\"en-US\",\"@id\":\"https:\/\/www.camocimorganic.com\/#\/schema\/logo\/image\/\",\"url\":\"https:\/\/www.camocimorganic.com\/wordpress\/wp-content\/uploads\/2025\/09\/logo-dark.png\",\"contentUrl\":\"https:\/\/www.camocimorganic.com\/wordpress\/wp-content\/uploads\/2025\/09\/logo-dark.png\",\"width\":620,\"height\":136,\"caption\":\"Fazenda Camocim \u2013 O Lar do Caf\u00e9 Jacu\"},\"image\":{\"@id\":\"https:\/\/www.camocimorganic.com\/#\/schema\/logo\/image\/\"},\"sameAs\":[\"https:\/\/www.facebook.com\/camocimorganic\",\"https:\/\/www.linkedin.com\/company\/fazendacamocim\/\"]}]}<\/script>\n<!-- \/ Yoast SEO plugin. -->","yoast_head_json":{"title":"Eventos - Fazenda Camocim \u2013 O Lar do Caf\u00e9 Jacu","robots":{"index":"index","follow":"follow","max-snippet":"max-snippet:-1","max-image-preview":"max-image-preview:large","max-video-preview":"max-video-preview:-1"},"canonical":"https:\/\/www.camocimorganic.com\/en\/eventos\/","og_locale":"en_US","og_type":"article","og_title":"Eventos - Fazenda Camocim \u2013 O Lar do Caf\u00e9 Jacu","og_description":"Eventos Loca\u00e7\u00e3o para Eventos J\u00e1 pensou em fazer seu evento na Fazenda Camocim? Entre em contato e pe\u00e7a um or\u00e7amento pe\u00e7a um or\u00e7amento","og_url":"https:\/\/www.camocimorganic.com\/en\/eventos\/","og_site_name":"Fazenda Camocim \u2013 O Lar do Caf\u00e9 Jacu","article_publisher":"https:\/\/www.facebook.com\/camocimorganic","article_modified_time":"2025-10-29T18:44:01+00:00","og_image":[{"url":"http:\/\/www.camocimorganic.com\/wordpress\/wp-content\/uploads\/2025\/10\/casa-sloper2-768x512.jpg","type":"","width":"","height":""}],"twitter_card":"summary_large_image","schema":{"@context":"https:\/\/schema.org","@graph":[{"@type":"WebPage","@id":"https:\/\/www.camocimorganic.com\/eventos\/","url":"https:\/\/www.camocimorganic.com\/eventos\/","name":"Eventos - Fazenda Camocim \u2013 O Lar do Caf\u00e9 Jacu","isPartOf":{"@id":"https:\/\/www.camocimorganic.com\/#website"},"primaryImageOfPage":{"@id":"https:\/\/www.camocimorganic.com\/eventos\/#primaryimage"},"image":{"@id":"https:\/\/www.camocimorganic.com\/eventos\/#primaryimage"},"thumbnailUrl":"http:\/\/www.camocimorganic.com\/wordpress\/wp-content\/uploads\/2025\/10\/casa-sloper2-768x512.jpg","datePublished":"2025-10-04T15:04:44+00:00","dateModified":"2025-10-29T18:44:01+00:00","breadcrumb":{"@id":"https:\/\/www.camocimorganic.com\/eventos\/#breadcrumb"},"inLanguage":"en-US","potentialAction":[{"@type":"ReadAction","target":["https:\/\/www.camocimorganic.com\/eventos\/"]}]},{"@type":"ImageObject","inLanguage":"en-US","@id":"https:\/\/www.camocimorganic.com\/eventos\/#primaryimage","url":"http:\/\/www.camocimorganic.com\/wordpress\/wp-content\/uploads\/2025\/10\/casa-sloper2-768x512.jpg","contentUrl":"http:\/\/www.camocimorganic.com\/wordpress\/wp-content\/uploads\/2025\/10\/casa-sloper2-768x512.jpg"},{"@type":"BreadcrumbList","@id":"https:\/\/www.camocimorganic.com\/eventos\/#breadcrumb","itemListElement":[{"@type":"ListItem","position":1,"name":"In\u00edcio","item":"https:\/\/www.camocimorganic.com\/"},{"@type":"ListItem","position":2,"name":"Eventos"}]},{"@type":"WebSite","@id":"https:\/\/www.camocimorganic.com\/#website","url":"https:\/\/www.camocimorganic.com\/","name":"Fazenda Camocim \u2013 O Lar do Caf\u00e9 Jacu","description":"","publisher":{"@id":"https:\/\/www.camocimorganic.com\/#organization"},"potentialAction":[{"@type":"SearchAction","target":{"@type":"EntryPoint","urlTemplate":"https:\/\/www.camocimorganic.com\/?s={search_term_string}"},"query-input":{"@type":"PropertyValueSpecification","valueRequired":true,"valueName":"search_term_string"}}],"inLanguage":"en-US"},{"@type":"Organization","@id":"https:\/\/www.camocimorganic.com\/#organization","name":"Fazenda Camocim \u2013 O Lar do Caf\u00e9 Jacu","url":"https:\/\/www.camocimorganic.com\/","logo":{"@type":"ImageObject","inLanguage":"en-US","@id":"https:\/\/www.camocimorganic.com\/#\/schema\/logo\/image\/","url":"https:\/\/www.camocimorganic.com\/wordpress\/wp-content\/uploads\/2025\/09\/logo-dark.png","contentUrl":"https:\/\/www.camocimorganic.com\/wordpress\/wp-content\/uploads\/2025\/09\/logo-dark.png","width":620,"height":136,"caption":"Fazenda Camocim \u2013 O Lar do Caf\u00e9 Jacu"},"image":{"@id":"https:\/\/www.camocimorganic.com\/#\/schema\/logo\/image\/"},"sameAs":["https:\/\/www.facebook.com\/camocimorganic","https:\/\/www.linkedin.com\/company\/fazendacamocim\/"]}]}},"_links":{"self":[{"href":"https:\/\/www.camocimorganic.com\/en\/wp-json\/wp\/v2\/pages\/682","targetHints":{"allow":["GET"]}}],"collection":[{"href":"https:\/\/www.camocimorganic.com\/en\/wp-json\/wp\/v2\/pages"}],"about":[{"href":"https:\/\/www.camocimorganic.com\/en\/wp-json\/wp\/v2\/types\/page"}],"author":[{"embeddable":true,"href":"https:\/\/www.camocimorganic.com\/en\/wp-json\/wp\/v2\/users\/1"}],"replies":[{"embeddable":true,"href":"https:\/\/www.camocimorganic.com\/en\/wp-json\/wp\/v2\/comments?post=682"}],"version-history":[{"count":43,"href":"https:\/\/www.camocimorganic.com\/en\/wp-json\/wp\/v2\/pages\/682\/revisions"}],"predecessor-version":[{"id":1325,"href":"https:\/\/www.camocimorganic.com\/en\/wp-json\/wp\/v2\/pages\/682\/revisions\/1325"}],"wp:attachment":[{"href":"https:\/\/www.camocimorganic.com\/en\/wp-json\/wp\/v2\/media?parent=682"}],"curies":[{"name":"wp","href":"https:\/\/api.w.org\/{rel}","templated":true}]}}