{"id":789,"date":"2025-10-04T14:09:53","date_gmt":"2025-10-04T17:09:53","guid":{"rendered":"https:\/\/www.camocimorganic.com\/wordpress\/?page_id=789"},"modified":"2025-10-29T08:50:04","modified_gmt":"2025-10-29T11:50:04","slug":"casa-do-cafe-camocim","status":"publish","type":"page","link":"https:\/\/www.camocimorganic.com\/en\/casa-do-cafe-camocim\/","title":{"rendered":"Camocim Coffee House"},"content":{"rendered":"<div data-elementor-type=\"wp-page\" data-elementor-id=\"789\" class=\"elementor elementor-789\" data-elementor-post-type=\"page\">\n\t\t\t\t<div class=\"elementor-element elementor-element-35279a3 e-flex e-con-boxed e-con e-parent\" data-id=\"35279a3\" data-element_type=\"container\" data-e-type=\"container\" data-settings=\"{&quot;background_background&quot;:&quot;classic&quot;}\">\n\t\t\t\t\t<div class=\"e-con-inner\">\n\t\t<div class=\"elementor-element elementor-element-e7e2da6 e-con-full e-flex e-con e-child\" data-id=\"e7e2da6\" data-element_type=\"container\" data-e-type=\"container\">\n\t\t\t\t<div class=\"elementor-element elementor-element-a469ebc elementor-widget-mobile__width-inherit elementor-widget elementor-widget-heading\" data-id=\"a469ebc\" data-element_type=\"widget\" data-e-type=\"widget\" data-widget_type=\"heading.default\">\n\t\t\t\t\t<h2 class=\"elementor-heading-title elementor-size-default\">Coffee House<br>\nCamocim<\/h2>\t\t\t\t<\/div>\n\t\t\t\t<\/div>\n\t\t<div class=\"elementor-element elementor-element-8626550 e-con-full e-flex e-con e-child\" data-id=\"8626550\" data-element_type=\"container\" data-e-type=\"container\">\n\t\t\t\t<div class=\"elementor-element elementor-element-7a2f7ab elementor-widget-mobile__width-inherit elementor-widget elementor-widget-heading\" data-id=\"7a2f7ab\" data-element_type=\"widget\" data-e-type=\"widget\" data-widget_type=\"heading.default\">\n\t\t\t\t\t<h2 class=\"elementor-heading-title elementor-size-default\">Camocim Coffee House<\/h2>\t\t\t\t<\/div>\n\t\t\t\t<\/div>\n\t\t\t\t\t<\/div>\n\t\t\t\t<\/div>\n\t\t<div class=\"elementor-element elementor-element-c302a31 e-con-full e-flex e-con e-parent\" data-id=\"c302a31\" data-element_type=\"container\" data-e-type=\"container\">\n\t\t\t\t<div class=\"elementor-element elementor-element-5528c5b elementor-widget__width-inherit elementor-widget elementor-widget-image\" data-id=\"5528c5b\" data-element_type=\"widget\" data-e-type=\"widget\" data-widget_type=\"image.default\">\n\t\t\t\t\t\t\t\t\t\t\t\t\t\t\t<img fetchpriority=\"high\" decoding=\"async\" width=\"800\" height=\"534\" src=\"https:\/\/www.camocimorganic.com\/wordpress\/wp-content\/uploads\/2025\/10\/casa-sloper-1-1024x683.jpg\" class=\"attachment-large size-large wp-image-1190\" alt=\"Casa Sloper Fazenda Camocim\" srcset=\"https:\/\/www.camocimorganic.com\/wordpress\/wp-content\/uploads\/2025\/10\/casa-sloper-1-1024x683.jpg 1024w, https:\/\/www.camocimorganic.com\/wordpress\/wp-content\/uploads\/2025\/10\/casa-sloper-1-300x200.jpg 300w, https:\/\/www.camocimorganic.com\/wordpress\/wp-content\/uploads\/2025\/10\/casa-sloper-1-768x512.jpg 768w, https:\/\/www.camocimorganic.com\/wordpress\/wp-content\/uploads\/2025\/10\/casa-sloper-1-1536x1024.jpg 1536w, https:\/\/www.camocimorganic.com\/wordpress\/wp-content\/uploads\/2025\/10\/casa-sloper-1-2048x1366.jpg 2048w, https:\/\/www.camocimorganic.com\/wordpress\/wp-content\/uploads\/2025\/10\/casa-sloper-1-18x12.jpg 18w\" sizes=\"(max-width: 800px) 100vw, 800px\" \/>\t\t\t\t\t\t\t\t\t\t\t\t\t\t\t<\/div>\n\t\t\t\t<\/div>\n\t\t<div class=\"elementor-element elementor-element-6fe9079 e-flex e-con-boxed e-con e-parent\" data-id=\"6fe9079\" data-element_type=\"container\" data-e-type=\"container\">\n\t\t\t\t\t<div class=\"e-con-inner\">\n\t\t\t\t<div class=\"elementor-element elementor-element-92bdc60 elementor-widget-divider--view-line elementor-widget elementor-widget-divider\" data-id=\"92bdc60\" data-element_type=\"widget\" data-e-type=\"widget\" data-widget_type=\"divider.default\">\n\t\t\t\t\t\t\t<div class=\"elementor-divider\">\n\t\t\t<span class=\"elementor-divider-separator\">\n\t\t\t\t\t\t<\/span>\n\t\t<\/div>\n\t\t\t\t\t\t<\/div>\n\t\t\t\t<div class=\"elementor-element elementor-element-86f4337 elementor-widget__width-initial elementor-widget elementor-widget-text-editor\" data-id=\"86f4337\" data-element_type=\"widget\" data-e-type=\"widget\" data-widget_type=\"text-editor.default\">\n\t\t\t\t\t\t\t\t\t<p class=\" translation-block\">Our cafeteria <b>designed<br> to celebrate the senses.<\/b><\/p>\t\t\t\t\t\t\t\t<\/div>\n\t\t\t\t<div class=\"elementor-element elementor-element-ab6e6ca elementor-widget elementor-widget-image\" data-id=\"ab6e6ca\" data-element_type=\"widget\" data-e-type=\"widget\" data-widget_type=\"image.default\">\n\t\t\t\t\t\t\t\t\t\t\t\t\t\t\t<img decoding=\"async\" width=\"387\" height=\"27\" src=\"https:\/\/www.camocimorganic.com\/wordpress\/wp-content\/uploads\/2025\/10\/pontos-white.png\" class=\"attachment-large size-large wp-image-143\" alt=\"\" srcset=\"https:\/\/www.camocimorganic.com\/wordpress\/wp-content\/uploads\/2025\/10\/pontos-white.png 387w, https:\/\/www.camocimorganic.com\/wordpress\/wp-content\/uploads\/2025\/10\/pontos-white-300x21.png 300w, https:\/\/www.camocimorganic.com\/wordpress\/wp-content\/uploads\/2025\/10\/pontos-white-18x1.png 18w\" sizes=\"(max-width: 387px) 100vw, 387px\" \/>\t\t\t\t\t\t\t\t\t\t\t\t\t\t\t<\/div>\n\t\t\t\t\t<\/div>\n\t\t\t\t<\/div>\n\t\t<div class=\"elementor-element elementor-element-02aeb6c e-con-full e-flex e-con e-parent\" data-id=\"02aeb6c\" data-element_type=\"container\" data-e-type=\"container\">\n\t\t\t\t<div class=\"elementor-element elementor-element-9d18d03 elementor-widget__width-inherit elementor-widget elementor-widget-image\" data-id=\"9d18d03\" data-element_type=\"widget\" data-e-type=\"widget\" data-widget_type=\"image.default\">\n\t\t\t\t\t\t\t\t\t\t\t\t\t\t\t<img decoding=\"async\" width=\"1900\" height=\"1267\" src=\"https:\/\/www.camocimorganic.com\/wordpress\/wp-content\/uploads\/2025\/10\/cafe-expresso.jpg\" class=\"attachment-full size-full wp-image-1182\" alt=\"Caf\u00e9 Espresso Fazenda Camocim\" srcset=\"https:\/\/www.camocimorganic.com\/wordpress\/wp-content\/uploads\/2025\/10\/cafe-expresso.jpg 1900w, https:\/\/www.camocimorganic.com\/wordpress\/wp-content\/uploads\/2025\/10\/cafe-expresso-300x200.jpg 300w, https:\/\/www.camocimorganic.com\/wordpress\/wp-content\/uploads\/2025\/10\/cafe-expresso-1024x683.jpg 1024w, https:\/\/www.camocimorganic.com\/wordpress\/wp-content\/uploads\/2025\/10\/cafe-expresso-768x512.jpg 768w, https:\/\/www.camocimorganic.com\/wordpress\/wp-content\/uploads\/2025\/10\/cafe-expresso-1536x1024.jpg 1536w, https:\/\/www.camocimorganic.com\/wordpress\/wp-content\/uploads\/2025\/10\/cafe-expresso-18x12.jpg 18w\" sizes=\"(max-width: 1900px) 100vw, 1900px\" \/>\t\t\t\t\t\t\t\t\t\t\t\t\t\t\t<\/div>\n\t\t\t\t<\/div>\n\t\t<div class=\"elementor-element elementor-element-933b3da e-flex e-con-boxed e-con e-parent\" data-id=\"933b3da\" data-element_type=\"container\" data-e-type=\"container\">\n\t\t\t\t\t<div class=\"e-con-inner\">\n\t\t\t\t<div class=\"elementor-element elementor-element-ebe93a7 elementor-widget__width-initial elementor-widget elementor-widget-text-editor\" data-id=\"ebe93a7\" data-element_type=\"widget\" data-e-type=\"widget\" data-widget_type=\"text-editor.default\">\n\t\t\t\t\t\t\t\t\tIn the heart of Camocim Farm and at the foot of the production that spreads across the Atlantic Forest, Casa do Caf\u00e9 opens its doors to visitors year-round.\t\t\t\t\t\t\t\t<\/div>\n\t\t\t\t<div class=\"elementor-element elementor-element-e4e9697 elementor-widget__width-inherit elementor-widget elementor-widget-text-editor\" data-id=\"e4e9697\" data-element_type=\"widget\" data-e-type=\"widget\" data-widget_type=\"text-editor.default\">\n\t\t\t\t\t\t\t\t\t<p class=\" translation-block\">On the banks of a charming lagoon and surrounded by lush green nature, Casa do Caf\u00e9 is an invitation to slow down, take a deep breath and experience Fazenda Camocim in all its dimensions. Here you can savor biodynamic coffees produced on the farm itself, including the rare Jacu Bird Coffee, Mokinha and the classic Camocim Cereja Descascado, in a variety of preparations\u2014from espresso to filtered, from iced to the most intense.<\/p><p class=\" translation-block\">Accompanying the coffee, a handmade menu of fresh pies, warm cheese breads, homemade cakes, creative snacks and specialty drinks, all prepared with selected and fresh ingredients from the region.<\/p>\t\t\t\t\t\t\t\t<\/div>\n\t\t\t\t<div class=\"elementor-element elementor-element-77693c3 elementor-mobile-align-center elementor-align-center elementor-widget elementor-widget-button\" data-id=\"77693c3\" data-element_type=\"widget\" data-e-type=\"widget\" data-widget_type=\"button.default\">\n\t\t\t\t\t\t\t\t\t\t<a class=\"elementor-button elementor-button-link elementor-size-sm\" href=\"http:\/\/www.camocimorganic.com\/wordpress\/wp-content\/uploads\/2025\/10\/menu-final-1.pdf\" target=\"_blank\">\n\t\t\t\t\t\t<span class=\"elementor-button-content-wrapper\">\n\t\t\t\t\t\t\t\t\t<span class=\"elementor-button-text\">SEE MENU<\/span>\n\t\t\t\t\t<\/span>\n\t\t\t\t\t<\/a>\n\t\t\t\t\t\t\t\t<\/div>\n\t\t\t\t\t<\/div>\n\t\t\t\t<\/div>\n\t\t<div class=\"elementor-element elementor-element-190797b e-flex e-con-boxed e-con e-parent\" data-id=\"190797b\" data-element_type=\"container\" data-e-type=\"container\" data-settings=\"{&quot;background_background&quot;:&quot;classic&quot;}\">\n\t\t\t\t\t<div class=\"e-con-inner\">\n\t\t<div class=\"elementor-element elementor-element-ccd7618 e-con-full e-flex e-con e-child\" data-id=\"ccd7618\" data-element_type=\"container\" data-e-type=\"container\">\n\t\t<div class=\"elementor-element elementor-element-4458f12 e-con-full e-flex e-con e-child\" data-id=\"4458f12\" data-element_type=\"container\" data-e-type=\"container\">\n\t\t\t\t<div class=\"elementor-element elementor-element-f2c144f elementor-widget elementor-widget-heading\" data-id=\"f2c144f\" data-element_type=\"widget\" data-e-type=\"widget\" data-widget_type=\"heading.default\">\n\t\t\t\t\t<h2 class=\"elementor-heading-title elementor-size-default\">Hor\u00e1rios de <br>Funcionamento<\/h2>\t\t\t\t<\/div>\n\t\t\t\t<div class=\"elementor-element elementor-element-b253d20 elementor-widget-divider--view-line elementor-widget elementor-widget-divider\" data-id=\"b253d20\" data-element_type=\"widget\" data-e-type=\"widget\" data-widget_type=\"divider.default\">\n\t\t\t\t\t\t\t<div class=\"elementor-divider\">\n\t\t\t<span class=\"elementor-divider-separator\">\n\t\t\t\t\t\t<\/span>\n\t\t<\/div>\n\t\t\t\t\t\t<\/div>\n\t\t\t\t<div class=\"elementor-element elementor-element-618a864 elementor-widget__width-initial elementor-widget elementor-widget-text-editor\" data-id=\"618a864\" data-element_type=\"widget\" data-e-type=\"widget\" data-widget_type=\"text-editor.default\">\n\t\t\t\t\t\t\t\t\t<p><b>Monday to Thursday<br \/><\/b>09:00 &#8211; 18:00<\/p><p><b> Friday<br \/><\/b>09:00 &#8211; 18:00<\/p><p><b>Saturday, Sunday and Holidays<br \/><\/b> 09:00 &#8211; 18:00<\/p>\t\t\t\t\t\t\t\t<\/div>\n\t\t\t\t<\/div>\n\t\t<div class=\"elementor-element elementor-element-50aa3ca e-con-full e-flex e-con e-child\" data-id=\"50aa3ca\" data-element_type=\"container\" data-e-type=\"container\">\n\t\t\t\t<div class=\"elementor-element elementor-element-b3ab9ad elementor-widget elementor-widget-heading\" data-id=\"b3ab9ad\" data-element_type=\"widget\" data-e-type=\"widget\" data-widget_type=\"heading.default\">\n\t\t\t\t\t<h2 class=\"elementor-heading-title elementor-size-default\">Loca\u00e7\u00e3o de espa\u00e7o<br>\npara eventos<\/h2>\t\t\t\t<\/div>\n\t\t\t\t<div class=\"elementor-element elementor-element-cb85705 elementor-widget-divider--view-line elementor-widget elementor-widget-divider\" data-id=\"cb85705\" data-element_type=\"widget\" data-e-type=\"widget\" data-widget_type=\"divider.default\">\n\t\t\t\t\t\t\t<div class=\"elementor-divider\">\n\t\t\t<span class=\"elementor-divider-separator\">\n\t\t\t\t\t\t<\/span>\n\t\t<\/div>\n\t\t\t\t\t\t<\/div>\n\t\t\t\t<div class=\"elementor-element elementor-element-18f9dac elementor-widget__width-initial elementor-widget elementor-widget-text-editor\" data-id=\"18f9dac\" data-element_type=\"widget\" data-e-type=\"widget\" data-widget_type=\"text-editor.default\">\n\t\t\t\t\t\t\t\t\t<p><b>Have you ever thought about holding your event at Fazenda Camocim?<\/b><\/p><p>Get in touch and ask for a quote<\/p>\t\t\t\t\t\t\t\t<\/div>\n\t\t\t\t<div class=\"elementor-element elementor-element-01f459a elementor-mobile-align-center elementor-widget elementor-widget-button\" data-id=\"01f459a\" data-element_type=\"widget\" data-e-type=\"widget\" data-widget_type=\"button.default\">\n\t\t\t\t\t\t\t\t\t\t<a class=\"elementor-button elementor-button-link elementor-size-sm\" href=\"https:\/\/api.whatsapp.com\/send?phone=5527998314502&#038;text=Ol%C3%A1!%20Gostara%20de%20saber%20informa%C3%A7%C3%B5es%20da%20visita%C3%A7%C3%A3o\" target=\"_blank\">\n\t\t\t\t\t\t<span class=\"elementor-button-content-wrapper\">\n\t\t\t\t\t\t\t\t\t<span class=\"elementor-button-text\">request a quote<\/span>\n\t\t\t\t\t<\/span>\n\t\t\t\t\t<\/a>\n\t\t\t\t\t\t\t\t<\/div>\n\t\t\t\t<\/div>\n\t\t\t\t<\/div>\n\t\t\t\t\t<\/div>\n\t\t\t\t<\/div>\n\t\t\t\t<\/div>","protected":false},"excerpt":{"rendered":"<p>Casa do Caf\u00e9 Camocim Nossa cafeteria pensada para celebrar os sentidos. No cora\u00e7\u00e3o da Fazenda Camocim e aos p\u00e9s da produ\u00e7\u00e3o que se espalha entre a Mata Atl\u00e2ntica, a Casa do Caf\u00e9 abre as portas da Camocim para visitantes \u2028durante todo o ano. \u00c0s margens de uma lagoa encantadora e cercada pelo verde exuberante danatureza, [&hellip;]<\/p>\n","protected":false},"author":1,"featured_media":0,"parent":0,"menu_order":0,"comment_status":"closed","ping_status":"closed","template":"","meta":{"footnotes":""},"class_list":["post-789","page","type-page","status-publish","hentry"],"yoast_head":"<!-- This site is optimized with the Yoast SEO plugin v27.2 - https:\/\/yoast.com\/product\/yoast-seo-wordpress\/ -->\n<title>Casa do Caf\u00e9 Camocim - Fazenda Camocim \u2013 O Lar do Caf\u00e9 Jacu<\/title>\n<meta name=\"robots\" content=\"index, follow, max-snippet:-1, max-image-preview:large, max-video-preview:-1\" \/>\n<link rel=\"canonical\" href=\"https:\/\/www.camocimorganic.com\/en\/casa-do-cafe-camocim\/\" \/>\n<meta property=\"og:locale\" content=\"en_US\" \/>\n<meta property=\"og:type\" content=\"article\" \/>\n<meta property=\"og:title\" content=\"Casa do Caf\u00e9 Camocim - Fazenda Camocim \u2013 O Lar do Caf\u00e9 Jacu\" \/>\n<meta property=\"og:description\" content=\"Casa do Caf\u00e9 Camocim Nossa cafeteria pensada para celebrar os sentidos. No cora\u00e7\u00e3o da Fazenda Camocim e aos p\u00e9s da produ\u00e7\u00e3o que se espalha entre a Mata Atl\u00e2ntica, a Casa do Caf\u00e9 abre as portas da Camocim para visitantes \u2028durante todo o ano. \u00c0s margens de uma lagoa encantadora e cercada pelo verde exuberante danatureza, [&hellip;]\" \/>\n<meta property=\"og:url\" content=\"https:\/\/www.camocimorganic.com\/en\/casa-do-cafe-camocim\/\" \/>\n<meta property=\"og:site_name\" content=\"Fazenda Camocim \u2013 O Lar do Caf\u00e9 Jacu\" \/>\n<meta property=\"article:publisher\" content=\"https:\/\/www.facebook.com\/camocimorganic\" \/>\n<meta property=\"article:modified_time\" content=\"2025-10-29T11:50:04+00:00\" \/>\n<meta property=\"og:image\" content=\"http:\/\/www.camocimorganic.com\/wordpress\/wp-content\/uploads\/2025\/10\/casa-sloper-1-1024x683.jpg\" \/>\n<meta name=\"twitter:card\" content=\"summary_large_image\" \/>\n<meta name=\"twitter:label1\" content=\"Est. reading time\" \/>\n\t<meta name=\"twitter:data1\" content=\"1 minute\" \/>\n<script type=\"application\/ld+json\" class=\"yoast-schema-graph\">{\"@context\":\"https:\/\/schema.org\",\"@graph\":[{\"@type\":\"WebPage\",\"@id\":\"https:\/\/www.camocimorganic.com\/casa-do-cafe-camocim\/\",\"url\":\"https:\/\/www.camocimorganic.com\/casa-do-cafe-camocim\/\",\"name\":\"Casa do Caf\u00e9 Camocim - Fazenda Camocim \u2013 O Lar do Caf\u00e9 Jacu\",\"isPartOf\":{\"@id\":\"https:\/\/www.camocimorganic.com\/#website\"},\"primaryImageOfPage\":{\"@id\":\"https:\/\/www.camocimorganic.com\/casa-do-cafe-camocim\/#primaryimage\"},\"image\":{\"@id\":\"https:\/\/www.camocimorganic.com\/casa-do-cafe-camocim\/#primaryimage\"},\"thumbnailUrl\":\"http:\/\/www.camocimorganic.com\/wordpress\/wp-content\/uploads\/2025\/10\/casa-sloper-1-1024x683.jpg\",\"datePublished\":\"2025-10-04T17:09:53+00:00\",\"dateModified\":\"2025-10-29T11:50:04+00:00\",\"breadcrumb\":{\"@id\":\"https:\/\/www.camocimorganic.com\/casa-do-cafe-camocim\/#breadcrumb\"},\"inLanguage\":\"en-US\",\"potentialAction\":[{\"@type\":\"ReadAction\",\"target\":[\"https:\/\/www.camocimorganic.com\/casa-do-cafe-camocim\/\"]}]},{\"@type\":\"ImageObject\",\"inLanguage\":\"en-US\",\"@id\":\"https:\/\/www.camocimorganic.com\/casa-do-cafe-camocim\/#primaryimage\",\"url\":\"http:\/\/www.camocimorganic.com\/wordpress\/wp-content\/uploads\/2025\/10\/casa-sloper-1-1024x683.jpg\",\"contentUrl\":\"http:\/\/www.camocimorganic.com\/wordpress\/wp-content\/uploads\/2025\/10\/casa-sloper-1-1024x683.jpg\"},{\"@type\":\"BreadcrumbList\",\"@id\":\"https:\/\/www.camocimorganic.com\/casa-do-cafe-camocim\/#breadcrumb\",\"itemListElement\":[{\"@type\":\"ListItem\",\"position\":1,\"name\":\"In\u00edcio\",\"item\":\"https:\/\/www.camocimorganic.com\/\"},{\"@type\":\"ListItem\",\"position\":2,\"name\":\"Casa do Caf\u00e9 Camocim\"}]},{\"@type\":\"WebSite\",\"@id\":\"https:\/\/www.camocimorganic.com\/#website\",\"url\":\"https:\/\/www.camocimorganic.com\/\",\"name\":\"Fazenda Camocim \u2013 O Lar do Caf\u00e9 Jacu\",\"description\":\"\",\"publisher\":{\"@id\":\"https:\/\/www.camocimorganic.com\/#organization\"},\"potentialAction\":[{\"@type\":\"SearchAction\",\"target\":{\"@type\":\"EntryPoint\",\"urlTemplate\":\"https:\/\/www.camocimorganic.com\/?s={search_term_string}\"},\"query-input\":{\"@type\":\"PropertyValueSpecification\",\"valueRequired\":true,\"valueName\":\"search_term_string\"}}],\"inLanguage\":\"en-US\"},{\"@type\":\"Organization\",\"@id\":\"https:\/\/www.camocimorganic.com\/#organization\",\"name\":\"Fazenda Camocim \u2013 O Lar do Caf\u00e9 Jacu\",\"url\":\"https:\/\/www.camocimorganic.com\/\",\"logo\":{\"@type\":\"ImageObject\",\"inLanguage\":\"en-US\",\"@id\":\"https:\/\/www.camocimorganic.com\/#\/schema\/logo\/image\/\",\"url\":\"https:\/\/www.camocimorganic.com\/wordpress\/wp-content\/uploads\/2025\/09\/logo-dark.png\",\"contentUrl\":\"https:\/\/www.camocimorganic.com\/wordpress\/wp-content\/uploads\/2025\/09\/logo-dark.png\",\"width\":620,\"height\":136,\"caption\":\"Fazenda Camocim \u2013 O Lar do Caf\u00e9 Jacu\"},\"image\":{\"@id\":\"https:\/\/www.camocimorganic.com\/#\/schema\/logo\/image\/\"},\"sameAs\":[\"https:\/\/www.facebook.com\/camocimorganic\",\"https:\/\/www.linkedin.com\/company\/fazendacamocim\/\"]}]}<\/script>\n<!-- \/ Yoast SEO plugin. -->","yoast_head_json":{"title":"Casa do Caf\u00e9 Camocim - Fazenda Camocim \u2013 O Lar do Caf\u00e9 Jacu","robots":{"index":"index","follow":"follow","max-snippet":"max-snippet:-1","max-image-preview":"max-image-preview:large","max-video-preview":"max-video-preview:-1"},"canonical":"https:\/\/www.camocimorganic.com\/en\/casa-do-cafe-camocim\/","og_locale":"en_US","og_type":"article","og_title":"Casa do Caf\u00e9 Camocim - Fazenda Camocim \u2013 O Lar do Caf\u00e9 Jacu","og_description":"Casa do Caf\u00e9 Camocim Nossa cafeteria pensada para celebrar os sentidos. No cora\u00e7\u00e3o da Fazenda Camocim e aos p\u00e9s da produ\u00e7\u00e3o que se espalha entre a Mata Atl\u00e2ntica, a Casa do Caf\u00e9 abre as portas da Camocim para visitantes \u2028durante todo o ano. \u00c0s margens de uma lagoa encantadora e cercada pelo verde exuberante danatureza, [&hellip;]","og_url":"https:\/\/www.camocimorganic.com\/en\/casa-do-cafe-camocim\/","og_site_name":"Fazenda Camocim \u2013 O Lar do Caf\u00e9 Jacu","article_publisher":"https:\/\/www.facebook.com\/camocimorganic","article_modified_time":"2025-10-29T11:50:04+00:00","og_image":[{"url":"http:\/\/www.camocimorganic.com\/wordpress\/wp-content\/uploads\/2025\/10\/casa-sloper-1-1024x683.jpg","type":"","width":"","height":""}],"twitter_card":"summary_large_image","twitter_misc":{"Est. reading time":"1 minute"},"schema":{"@context":"https:\/\/schema.org","@graph":[{"@type":"WebPage","@id":"https:\/\/www.camocimorganic.com\/casa-do-cafe-camocim\/","url":"https:\/\/www.camocimorganic.com\/casa-do-cafe-camocim\/","name":"Casa do Caf\u00e9 Camocim - Fazenda Camocim \u2013 O Lar do Caf\u00e9 Jacu","isPartOf":{"@id":"https:\/\/www.camocimorganic.com\/#website"},"primaryImageOfPage":{"@id":"https:\/\/www.camocimorganic.com\/casa-do-cafe-camocim\/#primaryimage"},"image":{"@id":"https:\/\/www.camocimorganic.com\/casa-do-cafe-camocim\/#primaryimage"},"thumbnailUrl":"http:\/\/www.camocimorganic.com\/wordpress\/wp-content\/uploads\/2025\/10\/casa-sloper-1-1024x683.jpg","datePublished":"2025-10-04T17:09:53+00:00","dateModified":"2025-10-29T11:50:04+00:00","breadcrumb":{"@id":"https:\/\/www.camocimorganic.com\/casa-do-cafe-camocim\/#breadcrumb"},"inLanguage":"en-US","potentialAction":[{"@type":"ReadAction","target":["https:\/\/www.camocimorganic.com\/casa-do-cafe-camocim\/"]}]},{"@type":"ImageObject","inLanguage":"en-US","@id":"https:\/\/www.camocimorganic.com\/casa-do-cafe-camocim\/#primaryimage","url":"http:\/\/www.camocimorganic.com\/wordpress\/wp-content\/uploads\/2025\/10\/casa-sloper-1-1024x683.jpg","contentUrl":"http:\/\/www.camocimorganic.com\/wordpress\/wp-content\/uploads\/2025\/10\/casa-sloper-1-1024x683.jpg"},{"@type":"BreadcrumbList","@id":"https:\/\/www.camocimorganic.com\/casa-do-cafe-camocim\/#breadcrumb","itemListElement":[{"@type":"ListItem","position":1,"name":"In\u00edcio","item":"https:\/\/www.camocimorganic.com\/"},{"@type":"ListItem","position":2,"name":"Casa do Caf\u00e9 Camocim"}]},{"@type":"WebSite","@id":"https:\/\/www.camocimorganic.com\/#website","url":"https:\/\/www.camocimorganic.com\/","name":"Fazenda Camocim \u2013 O Lar do Caf\u00e9 Jacu","description":"","publisher":{"@id":"https:\/\/www.camocimorganic.com\/#organization"},"potentialAction":[{"@type":"SearchAction","target":{"@type":"EntryPoint","urlTemplate":"https:\/\/www.camocimorganic.com\/?s={search_term_string}"},"query-input":{"@type":"PropertyValueSpecification","valueRequired":true,"valueName":"search_term_string"}}],"inLanguage":"en-US"},{"@type":"Organization","@id":"https:\/\/www.camocimorganic.com\/#organization","name":"Fazenda Camocim \u2013 O Lar do Caf\u00e9 Jacu","url":"https:\/\/www.camocimorganic.com\/","logo":{"@type":"ImageObject","inLanguage":"en-US","@id":"https:\/\/www.camocimorganic.com\/#\/schema\/logo\/image\/","url":"https:\/\/www.camocimorganic.com\/wordpress\/wp-content\/uploads\/2025\/09\/logo-dark.png","contentUrl":"https:\/\/www.camocimorganic.com\/wordpress\/wp-content\/uploads\/2025\/09\/logo-dark.png","width":620,"height":136,"caption":"Fazenda Camocim \u2013 O Lar do Caf\u00e9 Jacu"},"image":{"@id":"https:\/\/www.camocimorganic.com\/#\/schema\/logo\/image\/"},"sameAs":["https:\/\/www.facebook.com\/camocimorganic","https:\/\/www.linkedin.com\/company\/fazendacamocim\/"]}]}},"_links":{"self":[{"href":"https:\/\/www.camocimorganic.com\/en\/wp-json\/wp\/v2\/pages\/789","targetHints":{"allow":["GET"]}}],"collection":[{"href":"https:\/\/www.camocimorganic.com\/en\/wp-json\/wp\/v2\/pages"}],"about":[{"href":"https:\/\/www.camocimorganic.com\/en\/wp-json\/wp\/v2\/types\/page"}],"author":[{"embeddable":true,"href":"https:\/\/www.camocimorganic.com\/en\/wp-json\/wp\/v2\/users\/1"}],"replies":[{"embeddable":true,"href":"https:\/\/www.camocimorganic.com\/en\/wp-json\/wp\/v2\/comments?post=789"}],"version-history":[{"count":34,"href":"https:\/\/www.camocimorganic.com\/en\/wp-json\/wp\/v2\/pages\/789\/revisions"}],"predecessor-version":[{"id":1223,"href":"https:\/\/www.camocimorganic.com\/en\/wp-json\/wp\/v2\/pages\/789\/revisions\/1223"}],"wp:attachment":[{"href":"https:\/\/www.camocimorganic.com\/en\/wp-json\/wp\/v2\/media?parent=789"}],"curies":[{"name":"wp","href":"https:\/\/api.w.org\/{rel}","templated":true}]}}